
{"id":126,"date":"2013-05-23T21:10:52","date_gmt":"2013-05-23T21:10:52","guid":{"rendered":"http:\/\/dev.theschoolofhistoricaldress.org.uk\/?page_id=126"},"modified":"2023-01-10T19:19:15","modified_gmt":"2023-01-10T19:19:15","slug":"school-collection","status":"publish","type":"page","link":"https:\/\/theschoolofhistoricaldress.org.uk\/?page_id=126","title":{"rendered":"School Collection"},"content":{"rendered":"<h1>SCHOOL COLLECTION<\/h1>\n<p>It is important that people making costumes for period drama and the living history movement have access to surviving clothing, the better to get a proper understanding of the physical characteristics of the period dress that they are dealing with. Some of the Collection can be handled by students for examining construction and sewing techniques, and used by our team for taking patterns; more fragile articles can be displayed on figures.<\/p>\n<p>The School provides access to original garments , textiles and accessories during its courses for small groups \u00a0with varying reasons for studying costume and encourage the greater appreciation and use of original craft practices and skills. We cannot accommodate private research and study for the time being, as we have no permanent staff and no space for examination outside courses or special events.<\/p>\n<p>We are continuing to acquire objects so that we can teach as many areas of historical dress as possible using extant garments, textiles and related matter.<\/p>\n<p>Our present focus is on developing our collections of mens\u2019 tailored garments pre-1900, women\u2019s underpinnings and pre-1700 textiles and dress, together with historical sewing samplers.<\/p>\n<p>Over the years we have also accepted donations of objects that added to our collections, as well as long-term loans from private owners.<\/p>\n<p>Historical tools are vital to our teaching. Amongst others we are collecting nineteenth century sewing machines and sewing pillows and have commissioned the manufacture of medieval curved leather knives, iron buttonhole cutters, pinking tools and sixteenth century ruff-setting irons for our students to use.<\/p>\n<h2>gallery of our recent acquisitions<\/h2>\n<div class=\"slideshow_container slideshow_container_slideshow-jquery-image-gallery-custom-styles_1\" style=\"height: 300px; max-width: 500px;\" data-session-id=\"0\" data-style-name=\"slideshow-jquery-image-gallery-custom-styles_1\" data-style-version=\"1381154291\">\r\n\r\n\t\t\t<div class=\"slideshow_loading_icon\"><\/div>\r\n\t\r\n\t<div class=\"slideshow_content\" style=\"display: none;\">\r\n\r\n\t\t<div class=\"slideshow_view\">\r\n\t\t\t<div class=\"slideshow_slide slideshow_slide_image\">\r\n\t\t\t\t\t\t\t\t\t<img src=\"https:\/\/theschoolofhistoricaldress.org.uk\/wp-content\/uploads\/2022\/07\/TSHD-coll-18-14.jpg\" alt=\"Embroideries c.1780-90\" width=\"750\" height=\"500\" \/>\r\n\t\t\t\t\t\t\t\t<div class=\"slideshow_description_box slideshow_transparent\">\r\n\t\t\t\t\t<div class=\"slideshow_title\">Embroideries c.1780-90<\/div>\t\t\t\t\t<div class=\"slideshow_description\">Hem of an embroidered petticoat in cotton lawn c.1780-90, probably of French origin.<\/div>\t\t\t\t<\/div>\r\n\t\t\t<\/div>\r\n\r\n\t\t\t<div style=\"clear: both;\"><\/div><\/div><div class=\"slideshow_view\">\r\n\t\t\t<div class=\"slideshow_slide slideshow_slide_image\">\r\n\t\t\t\t\t\t\t\t\t<img src=\"https:\/\/theschoolofhistoricaldress.org.uk\/wp-content\/uploads\/2022\/07\/TSHD-coll-18-1.jpg\" alt=\"c. 1760 sack in Spitalfields silk\" width=\"500\" height=\"800\" \/>\r\n\t\t\t\t\t\t\t\t<div class=\"slideshow_description_box slideshow_transparent\">\r\n\t\t\t\t\t<div class=\"slideshow_title\">c. 1760 sack in Spitalfields silk<\/div>\t\t\t\t\t<div class=\"slideshow_description\">Woven with floral sprays, with pinked robings to skirt and bodice, triple cuffs, with waist buttons to pull up the skirts (retrouss\u00e9). Back box-pleated \u00e0 la fran\u00e7aise. Matching petticoat with similar deep flounce to front hem.<\/div>\t\t\t\t<\/div>\r\n\t\t\t<\/div>\r\n\r\n\t\t\t<div style=\"clear: both;\"><\/div><\/div><div class=\"slideshow_view\">\r\n\t\t\t<div class=\"slideshow_slide slideshow_slide_image\">\r\n\t\t\t\t\t\t\t\t\t<img src=\"https:\/\/theschoolofhistoricaldress.org.uk\/wp-content\/uploads\/2022\/07\/TSHD-coll-18-22.jpg\" alt=\"Informal gown, first half of the 18th c.\" width=\"500\" height=\"800\" \/>\r\n\t\t\t\t\t\t\t\t<div class=\"slideshow_description_box slideshow_transparent\">\r\n\t\t\t\t\t<div class=\"slideshow_title\">Informal gown, first half of the 18th c.<\/div>\t\t\t\t\t\t\t\t\t<\/div>\r\n\t\t\t<\/div>\r\n\r\n\t\t\t<div style=\"clear: both;\"><\/div><\/div><div class=\"slideshow_view\">\r\n\t\t\t<div class=\"slideshow_slide slideshow_slide_image\">\r\n\t\t\t\t\t\t\t\t\t<img src=\"https:\/\/theschoolofhistoricaldress.org.uk\/wp-content\/uploads\/2022\/07\/TSHD-coll-18-3.jpg\" alt=\"Coat in cut and uncut velvet c.1730\" width=\"500\" height=\"800\" \/>\r\n\t\t\t\t\t\t\t\t<div class=\"slideshow_description_box slideshow_transparent\">\r\n\t\t\t\t\t<div class=\"slideshow_title\">Coat in cut and uncut velvet c.1730<\/div>\t\t\t\t\t\t\t\t\t<\/div>\r\n\t\t\t<\/div>\r\n\r\n\t\t\t<div style=\"clear: both;\"><\/div><\/div>\r\n\t<\/div>\r\n\r\n\t<div class=\"slideshow_controlPanel slideshow_transparent\" style=\"display: none;\"><ul><li class=\"slideshow_togglePlay\" data-play-text=\"Play\" data-pause-text=\"Pause\"><\/li><\/ul><\/div>\r\n\r\n\t<div class=\"slideshow_button slideshow_previous slideshow_transparent\" role=\"button\" data-previous-text=\"Previous\" style=\"display: none;\"><\/div>\r\n\t<div class=\"slideshow_button slideshow_next slideshow_transparent\" role=\"button\" data-next-text=\"Next\" style=\"display: none;\"><\/div>\r\n\r\n\t<div class=\"slideshow_pagination\" style=\"display: none;\" data-go-to-text=\"Go to slide\"><div class=\"slideshow_pagination_center\"><\/div><\/div>\r\n\r\n\t<!-- WordPress Slideshow Version 2.2.21 -->\r\n\r\n\t<\/div>\n","protected":false},"excerpt":{"rendered":"<p>SCHOOL COLLECTION It is important that people making costumes for period drama and the living history movement have access to surviving clothing, the better to get a proper understanding of the physical characteristics of the period dress that they are dealing with. Some of the Collection can be handled by &#8230;<\/p>\n","protected":false},"author":1,"featured_media":0,"parent":0,"menu_order":0,"comment_status":"closed","ping_status":"closed","template":"template-sidebar-content.php","meta":{"footnotes":""},"class_list":["post-126","page","type-page","status-publish","hentry"],"yoast_head":"<!-- This site is optimized with the Yoast SEO plugin v20.1 - https:\/\/yoast.com\/wordpress\/plugins\/seo\/ -->\n<title>School Collection - The School of Historical Dress<\/title>\n<meta name=\"robots\" content=\"index, follow, max-snippet:-1, max-image-preview:large, max-video-preview:-1\" \/>\n<link rel=\"canonical\" href=\"https:\/\/theschoolofhistoricaldress.org.uk\/?page_id=126\" \/>\n<meta property=\"og:locale\" content=\"en_GB\" \/>\n<meta property=\"og:type\" content=\"article\" \/>\n<meta property=\"og:title\" content=\"School Collection - The School of Historical Dress\" \/>\n<meta property=\"og:description\" content=\"SCHOOL COLLECTION It is important that people making costumes for period drama and the living history movement have access to surviving clothing, the better to get a proper understanding of the physical characteristics of the period dress that they are dealing with. Some of the Collection can be handled by &#8230;\" \/>\n<meta property=\"og:url\" content=\"https:\/\/theschoolofhistoricaldress.org.uk\/?page_id=126\" \/>\n<meta property=\"og:site_name\" content=\"The School of Historical Dress\" \/>\n<meta property=\"article:modified_time\" content=\"2023-01-10T19:19:15+00:00\" \/>\n<meta name=\"twitter:label1\" content=\"Estimated reading time\" \/>\n\t<meta name=\"twitter:data1\" content=\"2 minutes\" \/>\n<script type=\"application\/ld+json\" class=\"yoast-schema-graph\">{\"@context\":\"https:\/\/schema.org\",\"@graph\":[{\"@type\":\"WebPage\",\"@id\":\"https:\/\/theschoolofhistoricaldress.org.uk\/?page_id=126\",\"url\":\"https:\/\/theschoolofhistoricaldress.org.uk\/?page_id=126\",\"name\":\"School Collection - The School of Historical Dress\",\"isPartOf\":{\"@id\":\"https:\/\/theschoolofhistoricaldress.org.uk\/#website\"},\"datePublished\":\"2013-05-23T21:10:52+00:00\",\"dateModified\":\"2023-01-10T19:19:15+00:00\",\"breadcrumb\":{\"@id\":\"https:\/\/theschoolofhistoricaldress.org.uk\/?page_id=126#breadcrumb\"},\"inLanguage\":\"en-GB\",\"potentialAction\":[{\"@type\":\"ReadAction\",\"target\":[\"https:\/\/theschoolofhistoricaldress.org.uk\/?page_id=126\"]}]},{\"@type\":\"BreadcrumbList\",\"@id\":\"https:\/\/theschoolofhistoricaldress.org.uk\/?page_id=126#breadcrumb\",\"itemListElement\":[{\"@type\":\"ListItem\",\"position\":1,\"name\":\"Home\",\"item\":\"https:\/\/theschoolofhistoricaldress.org.uk\/\"},{\"@type\":\"ListItem\",\"position\":2,\"name\":\"School Collection\"}]},{\"@type\":\"WebSite\",\"@id\":\"https:\/\/theschoolofhistoricaldress.org.uk\/#website\",\"url\":\"https:\/\/theschoolofhistoricaldress.org.uk\/\",\"name\":\"The School of Historical Dress\",\"description\":\"The design construction pattern cutting drafting sewingclasses and courses in costume and historical clothing\",\"potentialAction\":[{\"@type\":\"SearchAction\",\"target\":{\"@type\":\"EntryPoint\",\"urlTemplate\":\"https:\/\/theschoolofhistoricaldress.org.uk\/?s={search_term_string}\"},\"query-input\":\"required name=search_term_string\"}],\"inLanguage\":\"en-GB\"}]}<\/script>\n<!-- \/ Yoast SEO plugin. -->","yoast_head_json":{"title":"School Collection - The School of Historical Dress","robots":{"index":"index","follow":"follow","max-snippet":"max-snippet:-1","max-image-preview":"max-image-preview:large","max-video-preview":"max-video-preview:-1"},"canonical":"https:\/\/theschoolofhistoricaldress.org.uk\/?page_id=126","og_locale":"en_GB","og_type":"article","og_title":"School Collection - The School of Historical Dress","og_description":"SCHOOL COLLECTION It is important that people making costumes for period drama and the living history movement have access to surviving clothing, the better to get a proper understanding of the physical characteristics of the period dress that they are dealing with. Some of the Collection can be handled by &#8230;","og_url":"https:\/\/theschoolofhistoricaldress.org.uk\/?page_id=126","og_site_name":"The School of Historical Dress","article_modified_time":"2023-01-10T19:19:15+00:00","twitter_misc":{"Estimated reading time":"2 minutes"},"schema":{"@context":"https:\/\/schema.org","@graph":[{"@type":"WebPage","@id":"https:\/\/theschoolofhistoricaldress.org.uk\/?page_id=126","url":"https:\/\/theschoolofhistoricaldress.org.uk\/?page_id=126","name":"School Collection - The School of Historical Dress","isPartOf":{"@id":"https:\/\/theschoolofhistoricaldress.org.uk\/#website"},"datePublished":"2013-05-23T21:10:52+00:00","dateModified":"2023-01-10T19:19:15+00:00","breadcrumb":{"@id":"https:\/\/theschoolofhistoricaldress.org.uk\/?page_id=126#breadcrumb"},"inLanguage":"en-GB","potentialAction":[{"@type":"ReadAction","target":["https:\/\/theschoolofhistoricaldress.org.uk\/?page_id=126"]}]},{"@type":"BreadcrumbList","@id":"https:\/\/theschoolofhistoricaldress.org.uk\/?page_id=126#breadcrumb","itemListElement":[{"@type":"ListItem","position":1,"name":"Home","item":"https:\/\/theschoolofhistoricaldress.org.uk\/"},{"@type":"ListItem","position":2,"name":"School Collection"}]},{"@type":"WebSite","@id":"https:\/\/theschoolofhistoricaldress.org.uk\/#website","url":"https:\/\/theschoolofhistoricaldress.org.uk\/","name":"The School of Historical Dress","description":"The design construction pattern cutting drafting sewingclasses and courses in costume and historical clothing","potentialAction":[{"@type":"SearchAction","target":{"@type":"EntryPoint","urlTemplate":"https:\/\/theschoolofhistoricaldress.org.uk\/?s={search_term_string}"},"query-input":"required name=search_term_string"}],"inLanguage":"en-GB"}]}},"_links":{"self":[{"href":"https:\/\/theschoolofhistoricaldress.org.uk\/index.php?rest_route=\/wp\/v2\/pages\/126","targetHints":{"allow":["GET"]}}],"collection":[{"href":"https:\/\/theschoolofhistoricaldress.org.uk\/index.php?rest_route=\/wp\/v2\/pages"}],"about":[{"href":"https:\/\/theschoolofhistoricaldress.org.uk\/index.php?rest_route=\/wp\/v2\/types\/page"}],"author":[{"embeddable":true,"href":"https:\/\/theschoolofhistoricaldress.org.uk\/index.php?rest_route=\/wp\/v2\/users\/1"}],"replies":[{"embeddable":true,"href":"https:\/\/theschoolofhistoricaldress.org.uk\/index.php?rest_route=%2Fwp%2Fv2%2Fcomments&post=126"}],"version-history":[{"count":13,"href":"https:\/\/theschoolofhistoricaldress.org.uk\/index.php?rest_route=\/wp\/v2\/pages\/126\/revisions"}],"predecessor-version":[{"id":2129,"href":"https:\/\/theschoolofhistoricaldress.org.uk\/index.php?rest_route=\/wp\/v2\/pages\/126\/revisions\/2129"}],"wp:attachment":[{"href":"https:\/\/theschoolofhistoricaldress.org.uk\/index.php?rest_route=%2Fwp%2Fv2%2Fmedia&parent=126"}],"curies":[{"name":"wp","href":"https:\/\/api.w.org\/{rel}","templated":true}]}}